{"id":1266,"date":"2023-09-20T18:25:54","date_gmt":"2023-09-20T18:25:54","guid":{"rendered":"https:\/\/vh2023izdeb-0.hosting-space.nl\/?page_id=1266"},"modified":"2023-10-09T13:16:02","modified_gmt":"2023-10-09T13:16:02","slug":"huur-onze-villa","status":"publish","type":"page","link":"https:\/\/vh2023izdeb-0.hosting-space.nl\/es\/alquile-nuestra-villa\/","title":{"rendered":"Alquile nuestra villa"},"content":{"rendered":"\n\t\t<div id=\"fws_69f2a8ef3455b\"  data-column-margin=\"default\" data-midnight=\"dark\"  class=\"wpb_row vc_row-fluid vc_row\"  style=\"padding-top: 0px; padding-bottom: 0px; \"><div class=\"row-bg-wrap\" data-bg-animation=\"none\" data-bg-animation-delay=\"\" data-bg-overlay=\"false\"><div class=\"inner-wrap row-bg-layer\" ><div class=\"row-bg viewport-desktop\"  style=\"\"><\/div><\/div><\/div><div class=\"row_col_wrap_12 col span_12 dark left\">\n\t<div  class=\"vc_col-sm-12 wpb_column column_container vc_column_container col no-extra-padding inherit_tablet inherit_phone \"  data-padding-pos=\"all\" data-has-bg-color=\"false\" data-bg-color=\"\" data-bg-opacity=\"1\" data-animation=\"\" data-delay=\"0\" >\n\t\t<div class=\"vc_column-inner\" >\n\t\t\t<div class=\"wpb_wrapper\">\n\t\t\t\t\n<div class=\"wpb_text_column wpb_content_element \" >\n\t<div class=\"wpb_wrapper\">\n\t\t<h2>Controleer beschikbaarheid en boek nu je verblijf!<\/h2>\n\t<\/div>\n<\/div>\n\n\n\n\n\t\t\t<\/div> \n\t\t<\/div>\n\t<\/div> \n<\/div><\/div>\n\t\t<div id=\"fws_69f2a8ef35328\"  data-column-margin=\"default\" data-midnight=\"dark\"  class=\"wpb_row vc_row-fluid vc_row\"  style=\"padding-top: 0px; padding-bottom: 0px; \"><div class=\"row-bg-wrap\" data-bg-animation=\"none\" data-bg-animation-delay=\"\" data-bg-overlay=\"false\"><div class=\"inner-wrap row-bg-layer\" ><div class=\"row-bg viewport-desktop\"  style=\"\"><\/div><\/div><\/div><div class=\"row_col_wrap_12 col span_12 dark left\">\n\t<div  class=\"vc_col-sm-12 wpb_column column_container vc_column_container col padding-1-percent inherit_tablet inherit_phone \"  data-border-radius=\"10px\" data-border-animation=\"\" data-border-animation-delay=\"\" data-border-width=\"1px\" data-border-style=\"solid\" data-border-color=\"#d6d6d6\" data-padding-pos=\"all\" data-has-bg-color=\"false\" data-bg-color=\"\" data-bg-opacity=\"1\" data-animation=\"\" data-delay=\"0\" >\n\t\t<div class=\"vc_column-inner\" style=\"border: 1px solid #d6d6d6;\">\n\t\t\t<div class=\"wpb_wrapper\">\n\t\t\t\t\n<div class=\"wpb_text_column wpb_content_element \" >\n\t<div class=\"wpb_wrapper\">\n\t\t<p>[hb_booking_form]<\/p>\n\t<\/div>\n<\/div>\n\n\n\n\n\t\t\t<\/div> \n\t\t<\/div>\n\t<\/div> \n<\/div><\/div>\n\t\t<div id=\"fws_69f2a8ef35bc6\"  data-column-margin=\"default\" data-midnight=\"dark\"  class=\"wpb_row vc_row-fluid vc_row\"  style=\"padding-top: 0px; padding-bottom: 0px; \"><div class=\"row-bg-wrap\" data-bg-animation=\"none\" data-bg-animation-delay=\"\" data-bg-overlay=\"false\"><div class=\"inner-wrap row-bg-layer\" ><div class=\"row-bg viewport-desktop\"  style=\"\"><\/div><\/div><\/div><div class=\"row_col_wrap_12 col span_12 dark left\">\n\t<div  class=\"vc_col-sm-12 wpb_column column_container vc_column_container col no-extra-padding inherit_tablet inherit_phone \"  data-padding-pos=\"all\" data-has-bg-color=\"false\" data-bg-color=\"\" data-bg-opacity=\"1\" data-animation=\"\" data-delay=\"0\" >\n\t\t<div class=\"vc_column-inner\" >\n\t\t\t<div class=\"wpb_wrapper\">\n\t\t\t\t\n<div class=\"wpb_text_column wpb_content_element \" >\n\t<div class=\"wpb_wrapper\">\n\t\t<h3><\/h3>\n<ul>\n<li>Check-in &amp; Check-out alleen op zaterdag<\/li>\n<li>Minimale verblijf is 7 dagen<\/li>\n<li>Prijs is inclusief linnenpakket<\/li>\n<li>\n<div class=\"rh-card-header\">Borgsom\u00a0 \u20ac 500,- per verblijf. Contant te betalen bij aankomst<\/div>\n<\/li>\n<li>\n<div class=\"rh-card-header\">\n<p>Verplichte eindschoonmaak \u20ac 160,- per verblijf. Wordt verrekend met de borg.<\/p>\n<\/div>\n<\/li>\n<\/ul>\n\t<\/div>\n<\/div>\n\n\n\n\n\t\t\t<\/div> \n\t\t<\/div>\n\t<\/div> \n<\/div><\/div>\n","protected":false},"excerpt":{"rendered":"Controleer beschikbaarheid en boek nu je verblijf! [hb_booking_form] Check-in &amp; Check-out alleen op zaterdag Minimale verblijf is 7 dagen Prijs is inclusief linnenpakket Borgsom\u00a0 \u20ac 500,- per verblijf. Contant te...","protected":false},"author":1,"featured_media":0,"parent":0,"menu_order":0,"comment_status":"closed","ping_status":"closed","template":"","meta":{"footnotes":""},"class_list":["post-1266","page","type-page","status-publish"],"yoast_head":"<!-- This site is optimized with the Yoast SEO Premium plugin v21.3 (Yoast SEO v27.5) - https:\/\/yoast.com\/product\/yoast-seo-premium-wordpress\/ -->\n<title>Huur onze villa<\/title>\n<meta name=\"robots\" content=\"index, follow, max-snippet:-1, max-image-preview:large, max-video-preview:-1\" \/>\n<link rel=\"canonical\" href=\"https:\/\/vh2023izdeb-0.hosting-space.nl\/es\/alquile-nuestra-villa\/\" \/>\n<meta property=\"og:locale\" content=\"es_ES\" \/>\n<meta property=\"og:type\" content=\"article\" \/>\n<meta property=\"og:title\" content=\"Huur onze villa\" \/>\n<meta property=\"og:url\" content=\"https:\/\/vh2023izdeb-0.hosting-space.nl\/es\/alquile-nuestra-villa\/\" \/>\n<meta property=\"og:site_name\" content=\"Casa Benissa\" \/>\n<meta property=\"article:modified_time\" content=\"2023-10-09T13:16:02+00:00\" \/>\n<meta property=\"og:image\" content=\"https:\/\/vh2023izdeb-0.hosting-space.nl\/wp-content\/uploads\/Trainingslocatie-Spanje.jpg\" \/>\n\t<meta property=\"og:image:width\" content=\"1280\" \/>\n\t<meta property=\"og:image:height\" content=\"720\" \/>\n\t<meta property=\"og:image:type\" content=\"image\/jpeg\" \/>\n<meta name=\"twitter:card\" content=\"summary_large_image\" \/>\n<meta name=\"twitter:label1\" content=\"Tiempo de lectura\" \/>\n\t<meta name=\"twitter:data1\" content=\"3 minutos\" \/>\n<script type=\"application\/ld+json\" class=\"yoast-schema-graph\">{\"@context\":\"https:\\\/\\\/schema.org\",\"@graph\":[{\"@type\":\"WebPage\",\"@id\":\"https:\\\/\\\/vh2023izdeb-0.hosting-space.nl\\\/huur-onze-villa\\\/\",\"url\":\"https:\\\/\\\/vh2023izdeb-0.hosting-space.nl\\\/huur-onze-villa\\\/\",\"name\":\"Huur onze villa\",\"isPartOf\":{\"@id\":\"https:\\\/\\\/vh2023izdeb-0.hosting-space.nl\\\/#website\"},\"datePublished\":\"2023-09-20T18:25:54+00:00\",\"dateModified\":\"2023-10-09T13:16:02+00:00\",\"breadcrumb\":{\"@id\":\"https:\\\/\\\/vh2023izdeb-0.hosting-space.nl\\\/huur-onze-villa\\\/#breadcrumb\"},\"inLanguage\":\"es\",\"potentialAction\":[{\"@type\":\"ReadAction\",\"target\":[\"https:\\\/\\\/vh2023izdeb-0.hosting-space.nl\\\/huur-onze-villa\\\/\"]}]},{\"@type\":\"BreadcrumbList\",\"@id\":\"https:\\\/\\\/vh2023izdeb-0.hosting-space.nl\\\/huur-onze-villa\\\/#breadcrumb\",\"itemListElement\":[{\"@type\":\"ListItem\",\"position\":1,\"name\":\"Home\",\"item\":\"https:\\\/\\\/vh2023izdeb-0.hosting-space.nl\\\/\"},{\"@type\":\"ListItem\",\"position\":2,\"name\":\"Huur onze villa\"}]},{\"@type\":\"WebSite\",\"@id\":\"https:\\\/\\\/vh2023izdeb-0.hosting-space.nl\\\/#website\",\"url\":\"https:\\\/\\\/vh2023izdeb-0.hosting-space.nl\\\/\",\"name\":\"Casa Benissa | Trainingslocatie in Spanje\",\"description\":\"Trainingslocatie in Costa Blanca - Spanje\",\"publisher\":{\"@id\":\"https:\\\/\\\/vh2023izdeb-0.hosting-space.nl\\\/#organization\"},\"alternateName\":\"Huur een trainingslocatie in de Costa Blanca\",\"potentialAction\":[{\"@type\":\"SearchAction\",\"target\":{\"@type\":\"EntryPoint\",\"urlTemplate\":\"https:\\\/\\\/vh2023izdeb-0.hosting-space.nl\\\/?s={search_term_string}\"},\"query-input\":{\"@type\":\"PropertyValueSpecification\",\"valueRequired\":true,\"valueName\":\"search_term_string\"}}],\"inLanguage\":\"es\"},{\"@type\":\"Organization\",\"@id\":\"https:\\\/\\\/vh2023izdeb-0.hosting-space.nl\\\/#organization\",\"name\":\"Casa Benissa\",\"url\":\"https:\\\/\\\/vh2023izdeb-0.hosting-space.nl\\\/\",\"logo\":{\"@type\":\"ImageObject\",\"inLanguage\":\"es\",\"@id\":\"https:\\\/\\\/vh2023izdeb-0.hosting-space.nl\\\/#\\\/schema\\\/logo\\\/image\\\/\",\"url\":\"https:\\\/\\\/casabenissa.nl\\\/wp-content\\\/uploads\\\/Casa-benissa-logo.png\",\"contentUrl\":\"https:\\\/\\\/casabenissa.nl\\\/wp-content\\\/uploads\\\/Casa-benissa-logo.png\",\"width\":600,\"height\":300,\"caption\":\"Casa Benissa\"},\"image\":{\"@id\":\"https:\\\/\\\/vh2023izdeb-0.hosting-space.nl\\\/#\\\/schema\\\/logo\\\/image\\\/\"}}]}<\/script>\n<!-- \/ Yoast SEO Premium plugin. -->","yoast_head_json":{"title":"Alquile nuestra villa","robots":{"index":"index","follow":"follow","max-snippet":"max-snippet:-1","max-image-preview":"max-image-preview:large","max-video-preview":"max-video-preview:-1"},"canonical":"https:\/\/vh2023izdeb-0.hosting-space.nl\/es\/alquile-nuestra-villa\/","og_locale":"es_ES","og_type":"article","og_title":"Huur onze villa","og_url":"https:\/\/vh2023izdeb-0.hosting-space.nl\/es\/alquile-nuestra-villa\/","og_site_name":"Casa Benissa","article_modified_time":"2023-10-09T13:16:02+00:00","og_image":[{"width":1280,"height":720,"url":"https:\/\/vh2023izdeb-0.hosting-space.nl\/wp-content\/uploads\/Trainingslocatie-Spanje.jpg","type":"image\/jpeg"}],"twitter_card":"summary_large_image","twitter_misc":{"Tiempo de lectura":"3 minutos"},"schema":{"@context":"https:\/\/schema.org","@graph":[{"@type":"WebPage","@id":"https:\/\/vh2023izdeb-0.hosting-space.nl\/huur-onze-villa\/","url":"https:\/\/vh2023izdeb-0.hosting-space.nl\/huur-onze-villa\/","name":"Alquile nuestra villa","isPartOf":{"@id":"https:\/\/vh2023izdeb-0.hosting-space.nl\/#website"},"datePublished":"2023-09-20T18:25:54+00:00","dateModified":"2023-10-09T13:16:02+00:00","breadcrumb":{"@id":"https:\/\/vh2023izdeb-0.hosting-space.nl\/huur-onze-villa\/#breadcrumb"},"inLanguage":"es","potentialAction":[{"@type":"ReadAction","target":["https:\/\/vh2023izdeb-0.hosting-space.nl\/huur-onze-villa\/"]}]},{"@type":"BreadcrumbList","@id":"https:\/\/vh2023izdeb-0.hosting-space.nl\/huur-onze-villa\/#breadcrumb","itemListElement":[{"@type":"ListItem","position":1,"name":"Home","item":"https:\/\/vh2023izdeb-0.hosting-space.nl\/"},{"@type":"ListItem","position":2,"name":"Huur onze villa"}]},{"@type":"WebSite","@id":"https:\/\/vh2023izdeb-0.hosting-space.nl\/#website","url":"https:\/\/vh2023izdeb-0.hosting-space.nl\/","name":"Casa Benissa | Centro de formaci\u00f3n en Espa\u00f1a","description":"Lugar de entrenamiento en Costa Blanca - Espa\u00f1a","publisher":{"@id":"https:\/\/vh2023izdeb-0.hosting-space.nl\/#organization"},"alternateName":"Huur een trainingslocatie in de Costa Blanca","potentialAction":[{"@type":"SearchAction","target":{"@type":"EntryPoint","urlTemplate":"https:\/\/vh2023izdeb-0.hosting-space.nl\/?s={search_term_string}"},"query-input":{"@type":"PropertyValueSpecification","valueRequired":true,"valueName":"search_term_string"}}],"inLanguage":"es"},{"@type":"Organization","@id":"https:\/\/vh2023izdeb-0.hosting-space.nl\/#organization","name":"Casa Benissa","url":"https:\/\/vh2023izdeb-0.hosting-space.nl\/","logo":{"@type":"ImageObject","inLanguage":"es","@id":"https:\/\/vh2023izdeb-0.hosting-space.nl\/#\/schema\/logo\/image\/","url":"https:\/\/casabenissa.nl\/wp-content\/uploads\/Casa-benissa-logo.png","contentUrl":"https:\/\/casabenissa.nl\/wp-content\/uploads\/Casa-benissa-logo.png","width":600,"height":300,"caption":"Casa Benissa"},"image":{"@id":"https:\/\/vh2023izdeb-0.hosting-space.nl\/#\/schema\/logo\/image\/"}}]}},"_links":{"self":[{"href":"https:\/\/vh2023izdeb-0.hosting-space.nl\/es\/wp-json\/wp\/v2\/pages\/1266","targetHints":{"allow":["GET"]}}],"collection":[{"href":"https:\/\/vh2023izdeb-0.hosting-space.nl\/es\/wp-json\/wp\/v2\/pages"}],"about":[{"href":"https:\/\/vh2023izdeb-0.hosting-space.nl\/es\/wp-json\/wp\/v2\/types\/page"}],"author":[{"embeddable":true,"href":"https:\/\/vh2023izdeb-0.hosting-space.nl\/es\/wp-json\/wp\/v2\/users\/1"}],"replies":[{"embeddable":true,"href":"https:\/\/vh2023izdeb-0.hosting-space.nl\/es\/wp-json\/wp\/v2\/comments?post=1266"}],"version-history":[{"count":0,"href":"https:\/\/vh2023izdeb-0.hosting-space.nl\/es\/wp-json\/wp\/v2\/pages\/1266\/revisions"}],"wp:attachment":[{"href":"https:\/\/vh2023izdeb-0.hosting-space.nl\/es\/wp-json\/wp\/v2\/media?parent=1266"}],"curies":[{"name":"gracias","href":"https:\/\/api.w.org\/{rel}","templated":true}]}}