{"id":1178,"date":"2023-09-15T11:06:24","date_gmt":"2023-09-15T11:06:24","guid":{"rendered":"https:\/\/vh2023izdeb-0.hosting-space.nl\/?page_id=1178"},"modified":"2025-08-07T08:44:06","modified_gmt":"2025-08-07T08:44:06","slug":"de-villa","status":"publish","type":"page","link":"https:\/\/vh2023izdeb-0.hosting-space.nl\/es\/ubicacion-costa-blanca\/la-villa\/","title":{"rendered":"Instalaciones"},"content":{"rendered":"<div id=\"fws_69d11f55e2237\"  data-column-margin=\"default\" data-midnight=\"dark\"  class=\"wpb_row vc_row-fluid vc_row\"  style=\"padding-top: 0px; padding-bottom: 0px; \"><div class=\"row-bg-wrap\" data-bg-animation=\"none\" data-bg-animation-delay=\"\" data-bg-overlay=\"false\"><div class=\"inner-wrap row-bg-layer\" ><div class=\"row-bg viewport-desktop\"  style=\"\"><\/div><\/div><\/div><div class=\"row_col_wrap_12 col span_12 dark left\">\n\t<div  class=\"vc_col-sm-12 wpb_column column_container vc_column_container col no-extra-padding inherit_tablet inherit_phone\"  data-padding-pos=\"all\" data-has-bg-color=\"false\" data-bg-color=\"\" data-bg-opacity=\"1\" data-animation=\"\" data-delay=\"0\" >\n\t\t<div class=\"vc_column-inner\" >\n\t\t\t<div class=\"wpb_wrapper\">\n\t\t\t\t<div class=\"divider-wrap\" data-alignment=\"default\"><div style=\"height: 25px;\" class=\"divider\"><\/div><\/div><div class=\"col span_12 section-title text-align-center extra-padding\"><h2>\n<h1>Instalaciones<\/h1>\n<\/h2><\/div><div class=\"clear\"><\/div><div id=\"fws_69d11f55e3046\" data-midnight=\"\" data-column-margin=\"default\" class=\"wpb_row vc_row-fluid vc_row inner_row vc_row-o-equal-height vc_row-flex\"  style=\"\"><div class=\"row-bg-wrap\"> <div class=\"row-bg\" ><\/div> <\/div><div class=\"row_col_wrap_12_inner col span_12  left\">\n\t<div  class=\"vc_col-sm-6 wpb_column column_container vc_column_container col child_column padding-2-percent inherit_tablet inherit_phone\"   data-border-radius=\"10px\" data-border-animation=\"\" data-border-animation-delay=\"\" data-border-width=\"1px\" data-border-style=\"solid\" data-border-color=\"#d3d3d3\" data-padding-pos=\"all\" data-has-bg-color=\"false\" data-bg-color=\"\" data-bg-opacity=\"1\" data-animation=\"\" data-delay=\"0\" >\n\t\t<div class=\"vc_column-inner\" style=\"border: 1px solid #d3d3d3;\">\n\t\t<div class=\"wpb_wrapper\">\n\t\t\t\n<div class=\"wpb_text_column wpb_content_element\" >\n\t<div class=\"wpb_wrapper\">\n\t\t<h2>Casa Benissa<\/h2>\n<p>Vrijstaande casa met ruim priv\u00e9 zwembad gelegen dichtbij Cala Baladrar, Cala La Fustera, Ifach golfbaan en binnen handbereik van Moraira en Calpe. Goede bereikbaarheid via de luchthavens van Alicante en Valencia en slechts een half uur van de haven van Denia.<\/p>\n<p>Casa Benissa is volledig gemeubileerd, uitgerust met voldoende ruimte, verdeeld over drie tweepersoonsslaapkamers, een apart apprtement\/trainingsruimte beneden, een badkamer met douche, woonkamer, apart gastentoilet, eetkamer, buitendouche en ruime buitenkeuken. Het heeft een mooi zonneterras en Overdekt terras (Naya) en is voorzien van glasvezelinternetverbinding. Binnen een paar minuten rijden zijn er diverse supermarkten, restaurants, caf\u00e9s en winkels. Als u &#8217;s nachts graag een sterrenhemel, rust en stilte ziet en tegelijkertijd dicht bij de zee en de bergen bent, dan is dit de accommodatie voor jou.<\/p>\n<p>Omgeven door bomen en naast een natuurterrein is Casa Benissa ideaal voor trainers die op zoek zijn naar rust en sereniteit. Op loopafstand (800 mter) ligt <a href=\"\/de-beste-stranden-van-benissa-een-gids-voor-zonaanbidders\/\">Playa La Fustera \/ Cala de la Fustera<\/a> en daarom is Casa Benissa ook zeer geschikt voor strandsessies.<\/p>\n\t<\/div>\n<\/div>\n\n\n\n\n\t\t<\/div> \n\t<\/div>\n\t<\/div> \n\n\t<div  class=\"vc_col-sm-6 wpb_column column_container vc_column_container col child_column no-extra-padding inherit_tablet inherit_phone\"   data-padding-pos=\"all\" data-has-bg-color=\"false\" data-bg-color=\"\" data-bg-opacity=\"1\" data-animation=\"\" data-delay=\"0\" >\n\t\t<div class=\"vc_column-inner\" >\n\t\t<div class=\"wpb_wrapper\">\n\t\t\t<div class=\"img-with-aniamtion-wrap  custom-size\" data-max-width=\"100%\" data-max-width-mobile=\"default\" data-border-radius=\"10px\" data-shadow=\"small_depth\" data-animation=\"none\" >\n      <div class=\"inner\">\n        <div class=\"hover-wrap\"> \n          <div class=\"hover-wrap-inner\">\n            <img loading=\"lazy\" decoding=\"async\" class=\"img-with-animation skip-lazy\" data-delay=\"0\" height=\"576\" width=\"768\" data-animation=\"none\" src=\"https:\/\/vh2023izdeb-0.hosting-space.nl\/wp-content\/uploads\/buitenkeuken-trainingsruimte-768x576.jpg\" alt=\"\u00c1rea de entrenamiento de cocina al aire libre\" srcset=\"https:\/\/vh2023izdeb-0.hosting-space.nl\/wp-content\/uploads\/buitenkeuken-trainingsruimte-768x576.jpg 768w, https:\/\/vh2023izdeb-0.hosting-space.nl\/wp-content\/uploads\/buitenkeuken-trainingsruimte-300x225.jpg 300w, https:\/\/vh2023izdeb-0.hosting-space.nl\/wp-content\/uploads\/buitenkeuken-trainingsruimte-1024x768.jpg 1024w, https:\/\/vh2023izdeb-0.hosting-space.nl\/wp-content\/uploads\/buitenkeuken-trainingsruimte-16x12.jpg 16w, https:\/\/vh2023izdeb-0.hosting-space.nl\/wp-content\/uploads\/buitenkeuken-trainingsruimte.jpg 1519w\" sizes=\"auto, (max-width: 768px) 100vw, 768px\" \/>\n          <\/div>\n        <\/div>\n      <\/div>\n    <\/div>\n\t\t<\/div> \n\t<\/div>\n\t<\/div> \n<\/div><\/div>\n\t\t\t<\/div> \n\t\t<\/div>\n\t<\/div> \n<\/div><\/div>\n\t\t<div id=\"fws_69d11f55e4910\"  data-column-margin=\"default\" data-midnight=\"dark\"  class=\"wpb_row vc_row-fluid vc_row vc_row-o-equal-height vc_row-flex\"  style=\"padding-top: 0px; padding-bottom: 0px; \"><div class=\"row-bg-wrap\" data-bg-animation=\"none\" data-bg-animation-delay=\"\" data-bg-overlay=\"false\"><div class=\"inner-wrap row-bg-layer\" ><div class=\"row-bg viewport-desktop\"  style=\"\"><\/div><\/div><\/div><div class=\"row_col_wrap_12 col span_12 dark left\">\n\t<div  class=\"vc_col-sm-4 wpb_column column_container vc_column_container col padding-2-percent inherit_tablet inherit_phone\"  data-border-radius=\"10px\" data-border-animation=\"\" data-border-animation-delay=\"\" data-border-width=\"1px\" data-border-style=\"solid\" data-border-color=\"#dbdbdb\" data-padding-pos=\"all\" data-has-bg-color=\"false\" data-bg-color=\"\" data-bg-opacity=\"1\" data-animation=\"\" data-delay=\"0\" >\n\t\t<div class=\"vc_column-inner\" style=\"border: 1px solid #dbdbdb;\">\n\t\t\t<div class=\"wpb_wrapper\">\n\t\t\t\t\n<div class=\"wpb_text_column wpb_content_element\" >\n\t<div class=\"wpb_wrapper\">\n\t\t<h4>Tipo de alojamiento<\/h4>\n<div class=\"rh-list-container rh-read-more-text larger show\" data-id=\"facilities\">\n<div class=\"rh-list\">\n<ul class=\"rh-list-content\">\n<li>Villa<\/li>\n<\/ul>\n<\/div>\n<div class=\"rh-list\">\n<h4 class=\"rh-list-header mt-0\">Sala de estar<\/h4>\n<ul class=\"rh-list-content\">\n<li>120 m<sup>2<\/sup><\/li>\n<\/ul>\n<\/div>\n<div class=\"rh-list\">\n<h4 class=\"rh-list-header mt-0\">Instalaciones<\/h4>\n<ul class=\"rh-list-content\">\n<li>Gran piscina privada no climatizada (5x10m)<\/li>\n<li>\n<p class=\"mb-2\">Naya (overdekt terras) (40m2)<\/p>\n<\/li>\n<li>Binnenruimte met beamer (45m2)<\/li>\n<li>\n<p class=\"mb-2\">Terraza junto a la piscina (150m2)<\/p>\n<\/li>\n<li>Leerkuil (50m2)<\/li>\n<li>Verwarmde buitendouche<\/li>\n<\/ul>\n<\/div>\n<div class=\"rh-list\">\n<h4 class=\"rh-list-header mt-0\">Deportes y ocio<\/h4>\n<ul class=\"rh-list-content\">\n<li>Buceo \/ snorkel<\/li>\n<li>Ciclismo<\/li>\n<li>Caminar<\/li>\n<li>Nataci\u00f3n<\/li>\n<li>Vela<\/li>\n<\/ul>\n<\/div>\n<div class=\"rh-list\">\n<h4 class=\"rh-list-header mt-0\">Temas populares<\/h4>\n<ul class=\"rh-list-content\">\n<li>Sol, mar y playa<\/li>\n<li>Rust, ruimte &amp; natuur<\/li>\n<li>Volledige privacy &amp; comfort<\/li>\n<li>Koken &amp; genieten van lokale smaken<\/li>\n<li>Cultuur, historie &amp; Spaanse tradities<\/li>\n<\/ul>\n<\/div>\n<div class=\"rh-list\">\n<h4 class=\"rh-list-header mt-0\">Calefacci\u00f3n<\/h4>\n<ul class=\"rh-list-content\">\n<li>Chimenea<\/li>\n<li>Aire acondicionado<\/li>\n<li>Buitenkachels<\/li>\n<\/ul>\n<\/div>\n<div class=\"rh-list\"><\/div>\n<\/div>\n\t<\/div>\n<\/div>\n\n\n\n\n\t\t\t<\/div> \n\t\t<\/div>\n\t<\/div> \n\n\t<div  class=\"vc_col-sm-4 wpb_column column_container vc_column_container col padding-2-percent inherit_tablet inherit_phone\"  data-border-radius=\"10px\" data-border-animation=\"\" data-border-animation-delay=\"\" data-border-width=\"1px\" data-border-style=\"solid\" data-border-color=\"#dbdbdb\" data-padding-pos=\"all\" data-has-bg-color=\"false\" data-bg-color=\"\" data-bg-opacity=\"1\" data-animation=\"\" data-delay=\"0\" >\n\t\t<div class=\"vc_column-inner\" style=\"border: 1px solid #dbdbdb;\">\n\t\t\t<div class=\"wpb_wrapper\">\n\t\t\t\t\n<div class=\"wpb_text_column wpb_content_element\" >\n\t<div class=\"wpb_wrapper\">\n\t\t<div class=\"rh-list-container rh-read-more-text larger show\" data-id=\"facilities\">\n<h4 class=\"rh-list\">Discapacitados<\/h4>\n<\/div>\n<div class=\"rh-list\">\n<ul class=\"rh-list-content\">\n<li>Accesible en silla de ruedas<\/li>\n<li>Boven is gelijkvloers<\/li>\n<\/ul>\n<\/div>\n<div class=\"rh-list\">\n<h4 class=\"rh-list-header mt-0\">Privacidad<\/h4>\n<ul class=\"rh-list-content\">\n<li>Privacidad total<\/li>\n<li>Casa unifamiliar<\/li>\n<\/ul>\n<h4 class=\"rh-list-header mt-0\">Instalaciones exteriores<\/h4>\n<ul class=\"rh-list-content\">\n<li>Piscina privada<\/li>\n<li>Amplia cocina exterior<\/li>\n<li>Barbacoa<\/li>\n<li>Horno para pizzas<\/li>\n<li>Iluminaci\u00f3n exterior<\/li>\n<li>Tumbonas (6)<\/li>\n<li>Parasoles<\/li>\n<li>Plazas de aparcamiento in situ<\/li>\n<li>Entrada privada<\/li>\n<li>Terrazas<\/li>\n<li>Jard\u00edn<\/li>\n<li>Sillas de jard\u00edn<\/li>\n<li>Mesas de jard\u00edn<\/li>\n<li>Naja \/ Veranda cubierta<\/li>\n<li>Juego de sal\u00f3n<\/li>\n<li>Jard\u00edn totalmente vallado<\/li>\n<li>Hamacas<\/li>\n<\/ul>\n<\/div>\n\t<\/div>\n<\/div>\n\n\n\n\n\t\t\t<\/div> \n\t\t<\/div>\n\t<\/div> \n\n\t<div  class=\"vc_col-sm-4 wpb_column column_container vc_column_container col padding-2-percent inherit_tablet inherit_phone\"  data-border-radius=\"10px\" data-border-animation=\"\" data-border-animation-delay=\"\" data-border-width=\"1px\" data-border-style=\"solid\" data-border-color=\"#dbdbdb\" data-padding-pos=\"all\" data-has-bg-color=\"false\" data-bg-color=\"\" data-bg-opacity=\"1\" data-animation=\"\" data-delay=\"0\" >\n\t\t<div class=\"vc_column-inner\" style=\"border: 1px solid #dbdbdb;\">\n\t\t\t<div class=\"wpb_wrapper\">\n\t\t\t\t\n<div class=\"wpb_text_column wpb_content_element\" >\n\t<div class=\"wpb_wrapper\">\n\t\t<div class=\"rh-list\">\n<h4 class=\"rh-list-header mt-0\">Internet, wifi, audio<\/h4>\n<ul class=\"rh-list-content\">\n<li>Wi-Fi (fibra e inal\u00e1mbrico)<\/li>\n<li>Sistema Sonos<\/li>\n<li>Conector USB<\/li>\n<li>Servicios de streaming<\/li>\n<\/ul>\n<\/div>\n<div class=\"rh-list\"><\/div>\n<div class=\"rh-list\">\n<h4 class=\"rh-list-header mt-0\">Instalaciones<\/h4>\n<ul class=\"rh-list-content\">\n<li>Lavadora<\/li>\n<li>Lavavajillas<\/li>\n<li>Cocina exterior con nevera americana<\/li>\n<li>Roken binnen niet toegestaan<\/li>\n<li>No se admiten animales<\/li>\n<\/ul>\n<\/div>\n<div class=\"rh-list\">\n<h4 class=\"rh-list-header mt-0\">Lino<\/h4>\n<ul class=\"rh-list-content\">\n<li>Ropa de cama<\/li>\n<li>Toallas<\/li>\n<li>Ropa de cocina<\/li>\n<li>Toallas de playa<\/li>\n<\/ul>\n<\/div>\n<div class=\"rh-list\"><\/div>\n<div class=\"rh-list\"><\/div>\n\t<\/div>\n<\/div>\n\n\n\n\n\t\t\t<\/div> \n\t\t<\/div>\n\t<\/div> \n<\/div><\/div>\n\t\t<div id=\"fws_69d11f55e5d66\"  data-column-margin=\"default\" data-midnight=\"dark\"  class=\"wpb_row vc_row-fluid vc_row\"  style=\"padding-top: 0px; padding-bottom: 0px; \"><div class=\"row-bg-wrap\" data-bg-animation=\"none\" data-bg-animation-delay=\"\" data-bg-overlay=\"false\"><div class=\"inner-wrap row-bg-layer\" ><div class=\"row-bg viewport-desktop\"  style=\"\"><\/div><\/div><\/div><div class=\"row_col_wrap_12 col span_12 dark left\">\n\t<div  class=\"vc_col-sm-12 wpb_column column_container vc_column_container col no-extra-padding inherit_tablet inherit_phone\"  data-padding-pos=\"all\" data-has-bg-color=\"false\" data-bg-color=\"\" data-bg-opacity=\"1\" data-animation=\"\" data-delay=\"0\" >\n\t\t<div class=\"vc_column-inner\" >\n\t\t\t<div class=\"wpb_wrapper\">\n\t\t\t\t\n\t\t\t<\/div> \n\t\t<\/div>\n\t<\/div> \n<\/div><\/div>","protected":false},"excerpt":{"rendered":"Faciliteiten Casa Benissa Vrijstaande casa met ruim priv\u00e9 zwembad gelegen dichtbij Cala Baladrar, Cala La Fustera, Ifach golfbaan en binnen handbereik van Moraira en Calpe. Goede bereikbaarheid via de luchthavens...","protected":false},"author":1,"featured_media":2624,"parent":45,"menu_order":0,"comment_status":"closed","ping_status":"closed","template":"","meta":{"footnotes":""},"class_list":["post-1178","page","type-page","status-publish","has-post-thumbnail"],"yoast_head":"<!-- This site is optimized with the Yoast SEO Premium plugin v21.3 (Yoast SEO v27.3) - https:\/\/yoast.com\/product\/yoast-seo-premium-wordpress\/ -->\n<title>Faciliteiten<\/title>\n<meta name=\"robots\" content=\"index, follow, max-snippet:-1, max-image-preview:large, max-video-preview:-1\" \/>\n<link rel=\"canonical\" href=\"https:\/\/casabenissa.nl\/es\/ubicacion-costa-blanca\/la-villa\/\" \/>\n<meta property=\"og:locale\" content=\"es_ES\" \/>\n<meta property=\"og:type\" content=\"article\" \/>\n<meta property=\"og:title\" content=\"Faciliteiten\" \/>\n<meta property=\"og:url\" content=\"https:\/\/casabenissa.nl\/es\/ubicacion-costa-blanca\/la-villa\/\" \/>\n<meta property=\"og:site_name\" content=\"Casa Benissa\" \/>\n<meta property=\"article:modified_time\" content=\"2025-08-07T08:44:06+00:00\" \/>\n<meta property=\"og:image\" content=\"https:\/\/casabenissa.nl\/wp-content\/uploads\/buitenkeuken-trainingsruimte.jpg\" \/>\n\t<meta property=\"og:image:width\" content=\"1519\" \/>\n\t<meta property=\"og:image:height\" content=\"1139\" \/>\n\t<meta property=\"og:image:type\" content=\"image\/jpeg\" \/>\n<meta name=\"twitter:card\" content=\"summary_large_image\" \/>\n<meta name=\"twitter:label1\" content=\"Tiempo de lectura\" \/>\n\t<meta name=\"twitter:data1\" content=\"4 minutos\" \/>\n<script type=\"application\/ld+json\" class=\"yoast-schema-graph\">{\"@context\":\"https:\\\/\\\/schema.org\",\"@graph\":[{\"@type\":\"WebPage\",\"@id\":\"https:\\\/\\\/casabenissa.nl\\\/es\\\/ubicacion-costa-blanca\\\/la-villa\\\/\",\"url\":\"https:\\\/\\\/casabenissa.nl\\\/es\\\/ubicacion-costa-blanca\\\/la-villa\\\/\",\"name\":\"Faciliteiten\",\"isPartOf\":{\"@id\":\"https:\\\/\\\/vh2023izdeb-0.hosting-space.nl\\\/#website\"},\"primaryImageOfPage\":{\"@id\":\"https:\\\/\\\/casabenissa.nl\\\/es\\\/ubicacion-costa-blanca\\\/la-villa\\\/#primaryimage\"},\"image\":{\"@id\":\"https:\\\/\\\/casabenissa.nl\\\/es\\\/ubicacion-costa-blanca\\\/la-villa\\\/#primaryimage\"},\"thumbnailUrl\":\"https:\\\/\\\/vh2023izdeb-0.hosting-space.nl\\\/wp-content\\\/uploads\\\/buitenkeuken-trainingsruimte.jpg\",\"datePublished\":\"2023-09-15T11:06:24+00:00\",\"dateModified\":\"2025-08-07T08:44:06+00:00\",\"breadcrumb\":{\"@id\":\"https:\\\/\\\/casabenissa.nl\\\/es\\\/ubicacion-costa-blanca\\\/la-villa\\\/#breadcrumb\"},\"inLanguage\":\"es\",\"potentialAction\":[{\"@type\":\"ReadAction\",\"target\":[\"https:\\\/\\\/casabenissa.nl\\\/es\\\/ubicacion-costa-blanca\\\/la-villa\\\/\"]}]},{\"@type\":\"ImageObject\",\"inLanguage\":\"es\",\"@id\":\"https:\\\/\\\/casabenissa.nl\\\/es\\\/ubicacion-costa-blanca\\\/la-villa\\\/#primaryimage\",\"url\":\"https:\\\/\\\/vh2023izdeb-0.hosting-space.nl\\\/wp-content\\\/uploads\\\/buitenkeuken-trainingsruimte.jpg\",\"contentUrl\":\"https:\\\/\\\/vh2023izdeb-0.hosting-space.nl\\\/wp-content\\\/uploads\\\/buitenkeuken-trainingsruimte.jpg\",\"width\":1519,\"height\":1139,\"caption\":\"buitenkeuken trainingsruimte\"},{\"@type\":\"BreadcrumbList\",\"@id\":\"https:\\\/\\\/casabenissa.nl\\\/es\\\/ubicacion-costa-blanca\\\/la-villa\\\/#breadcrumb\",\"itemListElement\":[{\"@type\":\"ListItem\",\"position\":1,\"name\":\"Home\",\"item\":\"https:\\\/\\\/vh2023izdeb-0.hosting-space.nl\\\/\"},{\"@type\":\"ListItem\",\"position\":2,\"name\":\"TrainingsLocatie Costa Blanca | Casa Benissa\",\"item\":\"https:\\\/\\\/vh2023izdeb-0.hosting-space.nl\\\/en\\\/location-costa-blanca\\\/\"},{\"@type\":\"ListItem\",\"position\":3,\"name\":\"Faciliteiten\"}]},{\"@type\":\"WebSite\",\"@id\":\"https:\\\/\\\/vh2023izdeb-0.hosting-space.nl\\\/#website\",\"url\":\"https:\\\/\\\/vh2023izdeb-0.hosting-space.nl\\\/\",\"name\":\"Casa Benissa | Trainingslocatie in Spanje\",\"description\":\"Trainingslocatie in Costa Blanca - Spanje\",\"publisher\":{\"@id\":\"https:\\\/\\\/vh2023izdeb-0.hosting-space.nl\\\/#organization\"},\"alternateName\":\"Huur een trainingslocatie in de Costa Blanca\",\"potentialAction\":[{\"@type\":\"SearchAction\",\"target\":{\"@type\":\"EntryPoint\",\"urlTemplate\":\"https:\\\/\\\/vh2023izdeb-0.hosting-space.nl\\\/?s={search_term_string}\"},\"query-input\":{\"@type\":\"PropertyValueSpecification\",\"valueRequired\":true,\"valueName\":\"search_term_string\"}}],\"inLanguage\":\"es\"},{\"@type\":\"Organization\",\"@id\":\"https:\\\/\\\/vh2023izdeb-0.hosting-space.nl\\\/#organization\",\"name\":\"Casa Benissa\",\"url\":\"https:\\\/\\\/vh2023izdeb-0.hosting-space.nl\\\/\",\"logo\":{\"@type\":\"ImageObject\",\"inLanguage\":\"es\",\"@id\":\"https:\\\/\\\/vh2023izdeb-0.hosting-space.nl\\\/#\\\/schema\\\/logo\\\/image\\\/\",\"url\":\"https:\\\/\\\/casabenissa.nl\\\/wp-content\\\/uploads\\\/Casa-benissa-logo.png\",\"contentUrl\":\"https:\\\/\\\/casabenissa.nl\\\/wp-content\\\/uploads\\\/Casa-benissa-logo.png\",\"width\":600,\"height\":300,\"caption\":\"Casa Benissa\"},\"image\":{\"@id\":\"https:\\\/\\\/vh2023izdeb-0.hosting-space.nl\\\/#\\\/schema\\\/logo\\\/image\\\/\"}}]}<\/script>\n<!-- \/ Yoast SEO Premium plugin. -->","yoast_head_json":{"title":"Instalaciones","robots":{"index":"index","follow":"follow","max-snippet":"max-snippet:-1","max-image-preview":"max-image-preview:large","max-video-preview":"max-video-preview:-1"},"canonical":"https:\/\/casabenissa.nl\/es\/ubicacion-costa-blanca\/la-villa\/","og_locale":"es_ES","og_type":"article","og_title":"Faciliteiten","og_url":"https:\/\/casabenissa.nl\/es\/ubicacion-costa-blanca\/la-villa\/","og_site_name":"Casa Benissa","article_modified_time":"2025-08-07T08:44:06+00:00","og_image":[{"width":1519,"height":1139,"url":"https:\/\/casabenissa.nl\/wp-content\/uploads\/buitenkeuken-trainingsruimte.jpg","type":"image\/jpeg"}],"twitter_card":"summary_large_image","twitter_misc":{"Tiempo de lectura":"4 minutos"},"schema":{"@context":"https:\/\/schema.org","@graph":[{"@type":"WebPage","@id":"https:\/\/casabenissa.nl\/es\/ubicacion-costa-blanca\/la-villa\/","url":"https:\/\/casabenissa.nl\/es\/ubicacion-costa-blanca\/la-villa\/","name":"Instalaciones","isPartOf":{"@id":"https:\/\/vh2023izdeb-0.hosting-space.nl\/#website"},"primaryImageOfPage":{"@id":"https:\/\/casabenissa.nl\/es\/ubicacion-costa-blanca\/la-villa\/#primaryimage"},"image":{"@id":"https:\/\/casabenissa.nl\/es\/ubicacion-costa-blanca\/la-villa\/#primaryimage"},"thumbnailUrl":"https:\/\/vh2023izdeb-0.hosting-space.nl\/wp-content\/uploads\/buitenkeuken-trainingsruimte.jpg","datePublished":"2023-09-15T11:06:24+00:00","dateModified":"2025-08-07T08:44:06+00:00","breadcrumb":{"@id":"https:\/\/casabenissa.nl\/es\/ubicacion-costa-blanca\/la-villa\/#breadcrumb"},"inLanguage":"es","potentialAction":[{"@type":"ReadAction","target":["https:\/\/casabenissa.nl\/es\/ubicacion-costa-blanca\/la-villa\/"]}]},{"@type":"ImageObject","inLanguage":"es","@id":"https:\/\/casabenissa.nl\/es\/ubicacion-costa-blanca\/la-villa\/#primaryimage","url":"https:\/\/vh2023izdeb-0.hosting-space.nl\/wp-content\/uploads\/buitenkeuken-trainingsruimte.jpg","contentUrl":"https:\/\/vh2023izdeb-0.hosting-space.nl\/wp-content\/uploads\/buitenkeuken-trainingsruimte.jpg","width":1519,"height":1139,"caption":"buitenkeuken trainingsruimte"},{"@type":"BreadcrumbList","@id":"https:\/\/casabenissa.nl\/es\/ubicacion-costa-blanca\/la-villa\/#breadcrumb","itemListElement":[{"@type":"ListItem","position":1,"name":"Home","item":"https:\/\/vh2023izdeb-0.hosting-space.nl\/"},{"@type":"ListItem","position":2,"name":"TrainingsLocatie Costa Blanca | Casa Benissa","item":"https:\/\/vh2023izdeb-0.hosting-space.nl\/en\/location-costa-blanca\/"},{"@type":"ListItem","position":3,"name":"Faciliteiten"}]},{"@type":"WebSite","@id":"https:\/\/vh2023izdeb-0.hosting-space.nl\/#website","url":"https:\/\/vh2023izdeb-0.hosting-space.nl\/","name":"Casa Benissa | Centro de formaci\u00f3n en Espa\u00f1a","description":"Lugar de entrenamiento en Costa Blanca - Espa\u00f1a","publisher":{"@id":"https:\/\/vh2023izdeb-0.hosting-space.nl\/#organization"},"alternateName":"Huur een trainingslocatie in de Costa Blanca","potentialAction":[{"@type":"SearchAction","target":{"@type":"EntryPoint","urlTemplate":"https:\/\/vh2023izdeb-0.hosting-space.nl\/?s={search_term_string}"},"query-input":{"@type":"PropertyValueSpecification","valueRequired":true,"valueName":"search_term_string"}}],"inLanguage":"es"},{"@type":"Organization","@id":"https:\/\/vh2023izdeb-0.hosting-space.nl\/#organization","name":"Casa Benissa","url":"https:\/\/vh2023izdeb-0.hosting-space.nl\/","logo":{"@type":"ImageObject","inLanguage":"es","@id":"https:\/\/vh2023izdeb-0.hosting-space.nl\/#\/schema\/logo\/image\/","url":"https:\/\/casabenissa.nl\/wp-content\/uploads\/Casa-benissa-logo.png","contentUrl":"https:\/\/casabenissa.nl\/wp-content\/uploads\/Casa-benissa-logo.png","width":600,"height":300,"caption":"Casa Benissa"},"image":{"@id":"https:\/\/vh2023izdeb-0.hosting-space.nl\/#\/schema\/logo\/image\/"}}]}},"_links":{"self":[{"href":"https:\/\/vh2023izdeb-0.hosting-space.nl\/es\/wp-json\/wp\/v2\/pages\/1178","targetHints":{"allow":["GET"]}}],"collection":[{"href":"https:\/\/vh2023izdeb-0.hosting-space.nl\/es\/wp-json\/wp\/v2\/pages"}],"about":[{"href":"https:\/\/vh2023izdeb-0.hosting-space.nl\/es\/wp-json\/wp\/v2\/types\/page"}],"author":[{"embeddable":true,"href":"https:\/\/vh2023izdeb-0.hosting-space.nl\/es\/wp-json\/wp\/v2\/users\/1"}],"replies":[{"embeddable":true,"href":"https:\/\/vh2023izdeb-0.hosting-space.nl\/es\/wp-json\/wp\/v2\/comments?post=1178"}],"version-history":[{"count":0,"href":"https:\/\/vh2023izdeb-0.hosting-space.nl\/es\/wp-json\/wp\/v2\/pages\/1178\/revisions"}],"up":[{"embeddable":true,"href":"https:\/\/vh2023izdeb-0.hosting-space.nl\/es\/wp-json\/wp\/v2\/pages\/45"}],"wp:featuredmedia":[{"embeddable":true,"href":"https:\/\/vh2023izdeb-0.hosting-space.nl\/es\/wp-json\/wp\/v2\/media\/2624"}],"wp:attachment":[{"href":"https:\/\/vh2023izdeb-0.hosting-space.nl\/es\/wp-json\/wp\/v2\/media?parent=1178"}],"curies":[{"name":"gracias","href":"https:\/\/api.w.org\/{rel}","templated":true}]}}