{"id":1864,"date":"2023-10-12T10:18:40","date_gmt":"2023-10-12T10:18:40","guid":{"rendered":"https:\/\/casabenissa.nl\/?page_id=1864"},"modified":"2024-05-07T12:54:05","modified_gmt":"2024-05-07T12:54:05","slug":"omgeving-benissa","status":"publish","type":"page","link":"https:\/\/vh2023izdeb-0.hosting-space.nl\/en\/benissa-area\/","title":{"rendered":"Surroundings Benissa"},"content":{"rendered":"<div id=\"fws_69e1b502b458e\"  data-column-margin=\"default\" data-midnight=\"dark\"  class=\"wpb_row vc_row-fluid vc_row\"  style=\"padding-top: 0px; padding-bottom: 0px; \"><div class=\"row-bg-wrap\" data-bg-animation=\"none\" data-bg-animation-delay=\"\" data-bg-overlay=\"false\"><div class=\"inner-wrap row-bg-layer\" ><div class=\"row-bg viewport-desktop\"  style=\"\"><\/div><\/div><\/div><div class=\"row_col_wrap_12 col span_12 dark left\">\n\t<div  class=\"vc_col-sm-12 wpb_column column_container vc_column_container col no-extra-padding inherit_tablet inherit_phone\"  data-padding-pos=\"all\" data-has-bg-color=\"false\" data-bg-color=\"\" data-bg-opacity=\"1\" data-animation=\"\" data-delay=\"0\" >\n\t\t<div class=\"vc_column-inner\" >\n\t\t\t<div class=\"wpb_wrapper\">\n\t\t\t\t<div class=\"col span_12 section-title text-align-center extra-padding\"><h2>\n<h1 style=\"text-align: center\">Surroundings Benissa<\/h1>\n<\/h2><\/div><div class=\"clear\"><\/div>\n\t\t\t<\/div> \n\t\t<\/div>\n\t<\/div> \n<\/div><\/div>\n\t\t<div id=\"fws_69e1b502b519f\"  data-column-margin=\"default\" data-midnight=\"dark\"  class=\"wpb_row vc_row-fluid vc_row\"  style=\"padding-top: 0px; padding-bottom: 0px; \"><div class=\"row-bg-wrap\" data-bg-animation=\"none\" data-bg-animation-delay=\"\" data-bg-overlay=\"false\"><div class=\"inner-wrap row-bg-layer\" ><div class=\"row-bg viewport-desktop\"  style=\"\"><\/div><\/div><\/div><div class=\"row_col_wrap_12 col span_12 dark left\">\n\t<div  class=\"vc_col-sm-12 wpb_column column_container vc_column_container col no-extra-padding inherit_tablet inherit_phone\"  data-padding-pos=\"all\" data-has-bg-color=\"false\" data-bg-color=\"\" data-bg-opacity=\"1\" data-animation=\"\" data-delay=\"0\" >\n\t\t<div class=\"vc_column-inner\" >\n\t\t\t<div class=\"wpb_wrapper\">\n\t\t\t\t<div id=\"map_69e1b502b5788\" style=\"height: 500px;\" class=\"nectar-leaflet-map\" data-infowindow-start-open=\"1\" data-dark-color-scheme=\"\" data-marker-style=\"nectar\" data-nectar-marker-color=\"extra-color-2\" data-ultra-flat=\"\" data-greyscale=\"\" data-extra-color=\"\" data-enable-animation=\"false\" data-enable-zoom=\"\" data-zoom-level=\"9\" data-center-lat=\"38.6706656\" data-center-lng=\"0.0853366\" data-marker-img=\"\"><\/div><div class=\"map_69e1b502b5788 map-marker-list\"><div class=\"map-marker\" data-marker-image-width=\"50\" data-marker-image-height=\"50\" data-lat=\"38.6706656\" data-lng=\"0.0853366\" data-mapinfo=\"Casa Benissa\"><\/div><\/div>\n\t\t\t<\/div> \n\t\t<\/div>\n\t<\/div> \n<\/div><\/div>\n\t\t<div id=\"fws_69e1b502b5b68\"  data-br=\"10px\" data-br-applies=\"bg\" data-column-margin=\"default\" data-midnight=\"dark\"  class=\"wpb_row vc_row-fluid vc_row\"  style=\"padding-top: 0px; padding-bottom: 0px; \"><div class=\"row-bg-wrap\" data-bg-animation=\"none\" data-bg-animation-delay=\"\" data-bg-overlay=\"false\"><div class=\"inner-wrap row-bg-layer\" ><div class=\"row-bg viewport-desktop\"  style=\"\"><\/div><\/div><\/div><div class=\"row_col_wrap_12 col span_12 dark left\">\n\t<div  class=\"vc_col-sm-12 wpb_column column_container vc_column_container col padding-2-percent inherit_tablet inherit_phone\"  data-border-radius=\"10px\" data-border-animation=\"\" data-border-animation-delay=\"\" data-border-width=\"1px\" data-border-style=\"solid\" data-border-color=\"#d1d1d1\" data-padding-pos=\"all\" data-has-bg-color=\"false\" data-bg-color=\"\" data-bg-opacity=\"1\" data-animation=\"\" data-delay=\"0\" >\n\t\t<div class=\"vc_column-inner\" style=\"border: 1px solid #d1d1d1;\">\n\t\t\t<div class=\"wpb_wrapper\">\n\t\t\t\t\n<div class=\"wpb_text_column wpb_content_element\" >\n\t<div class=\"wpb_wrapper\">\n\t\t<p>Casa Benissa is located in enchanting Benissa Playa, strategically located between the bustling towns of Calpe and Moraira, but also a short distance from other beautiful coastal towns such as J\u00e1vea, Denia and Altea on the Costa Blanca in Spain.<\/p>\n<h2>Benissa<\/h2>\n<p>The centre of Benissa is worth a visit. You will find bakeries, butchers, an ice cream parlour and several nice coffee shops. There are also several good (tapas) restaurants and you can enjoy strolling through the alleys of this beautiful authentic town. Every Saturday there is a large clothes and goods market from 10 am - 2 pm.<\/p>\n<h2>Calpe<\/h2>\n<p>Just a short drive from Casa Benissa you will find Calpe, known for its iconic limestone rock, the Pe\u00f1\u00f3n de Ifach, which rises from the sea and offers breathtaking views of the Mediterranean. Calpe also offers a bustling town centre full of shops, restaurants and bars, as well as beautiful marinas where you can enjoy a leisurely stroll along the waterfront.<\/p>\n<h2>Moraira<\/h2>\n<p>On the other side of Casa Benissa is Moraira, a charming fishing village known for its picturesque harbour, winding streets and idyllic coves. Here you can enjoy delicious fresh fish in the many seaside restaurants, or just relax with a glass of wine and enjoy the leisurely pace of life by the Mediterranean.<\/p>\n<h2>The Jalon Valley<\/h2>\n<p>Benissa is close to the Jalon Valley. This valley consists of the villages: Jal\u00f3n, Alcalal\u00ed, Ll\u00edber, Parcent, Murla, Benichembla, Senija and Castell de Castells. All small and nice villages to visit. In the valley you can enjoy beautiful <a href=\"https:\/\/casabenissa.nl\/de-mooiste-wandelingen-in-de-buurt-van-benissa-verken-de-natuurlijke-schoonheid-van-de-costa-blanca\/\">hiking<\/a> and <a href=\"https:\/\/casabenissa.nl\/fietsroutes-in-de-omgeving-van-benissa\/\">bikes<\/a>. The route from Ll\u00edber and Jal\u00f3n is full of vineyards, olive and almond groves. They produce mainly sweet wines that taste good as dessert wines. The famous Moscatel and Mistella come from here. A visit to one of the bodegas should not be missed while visiting the valley.<\/p>\n<h2>J\u00e1vea<\/h2>\n<p>J\u00e1vea, also known as X\u00e0bia, is a picturesque coastal town characterised by its beautiful beaches, historic old town and the iconic Montg\u00f3 mountain that watches over the town. Visitors can enjoy the lively marina, sample delicious local dishes in the many restaurants and admire the breathtaking views from the Cabo de la Nao lighthouse.<\/p>\n<h2>Denia<\/h2>\n<p>A lively port city, Denia offers a mix of history, culture and natural beauty. Explore Denia's historic castle, stroll through the cobbled streets of the old town and enjoy the extensive sandy beaches stretching along the coast. Denia is also known for its excellent gastronomy, with an abundance of restaurants serving local specialities such as fresh fish and seafood.<\/p>\n<h2>Altea<\/h2>\n<p>Altea, with its picturesque old town and whitewashed houses, is a true pearl on the Costa Blanca. The picturesque centre is located atop the mountain. In the 'white village' you can enjoy wandering through the narrow little streets and shopping at small boutiques. Stroll through the narrow streets, admire the beautiful blue dome of the Church of the Virgin of the Escape, and enjoy the breathtaking views of the Mediterranean Sea from the picturesque promenade. Altea is also an important artistic centre, with numerous galleries and artists inspired by the enchanting beauty of the area. Altea has long sandy beaches with promenade and many Beach clubs where you can have great food and drinks.<\/p>\n<h2>Alicante and Valencia<\/h2>\n<p>Benissa lies between the big cities of Alicante and Valencia. Alicante is less known to the general public than Valencia, but also a super fun city to visit. You drive to Alicante in just under an hour, Valencia is just over an hour away.<\/p>\n\t<\/div>\n<\/div>\n\n\n\n\n\t\t\t<\/div> \n\t\t<\/div>\n\t<\/div> \n<\/div><\/div>","protected":false},"excerpt":{"rendered":"Surroundings Benissa Casa Benissa is located in enchanting Benissa Playa, strategically located between the bustling towns of Calpe and Moraira, but also a short distance from other beautiful coastal towns such as...","protected":false},"author":1,"featured_media":0,"parent":0,"menu_order":0,"comment_status":"closed","ping_status":"closed","template":"","meta":{"footnotes":""},"class_list":["post-1864","page","type-page","status-publish"],"yoast_head":"<!-- This site is optimized with the Yoast SEO Premium plugin v21.3 (Yoast SEO v27.4) - https:\/\/yoast.com\/product\/yoast-seo-premium-wordpress\/ -->\n<title>Omgeving Benissa<\/title>\n<meta name=\"description\" content=\"Omgeving Benissa\" \/>\n<meta name=\"robots\" content=\"index, follow, max-snippet:-1, max-image-preview:large, max-video-preview:-1\" \/>\n<link rel=\"canonical\" href=\"https:\/\/casabenissa.nl\/en\/benissa-area\/\" \/>\n<meta property=\"og:locale\" content=\"en_GB\" \/>\n<meta property=\"og:type\" content=\"article\" \/>\n<meta property=\"og:title\" content=\"Omgeving Benissa\" \/>\n<meta property=\"og:description\" content=\"Omgeving Benissa\" \/>\n<meta property=\"og:url\" content=\"https:\/\/casabenissa.nl\/en\/benissa-area\/\" \/>\n<meta property=\"og:site_name\" content=\"Casa Benissa\" \/>\n<meta property=\"article:modified_time\" content=\"2024-05-07T12:54:05+00:00\" \/>\n<meta property=\"og:image\" content=\"https:\/\/vh2023izdeb-0.hosting-space.nl\/wp-content\/uploads\/Trainingslocatie-Spanje.jpg\" \/>\n\t<meta property=\"og:image:width\" content=\"1280\" \/>\n\t<meta property=\"og:image:height\" content=\"720\" \/>\n\t<meta property=\"og:image:type\" content=\"image\/jpeg\" \/>\n<meta name=\"twitter:card\" content=\"summary_large_image\" \/>\n<meta name=\"twitter:label1\" content=\"Estimated reading time\" \/>\n\t<meta name=\"twitter:data1\" content=\"2 minutes\" \/>\n<script type=\"application\/ld+json\" class=\"yoast-schema-graph\">{\"@context\":\"https:\\\/\\\/schema.org\",\"@graph\":[{\"@type\":\"WebPage\",\"@id\":\"https:\\\/\\\/casabenissa.nl\\\/en\\\/benissa-area\\\/\",\"url\":\"https:\\\/\\\/casabenissa.nl\\\/en\\\/benissa-area\\\/\",\"name\":\"Omgeving Benissa\",\"isPartOf\":{\"@id\":\"https:\\\/\\\/casabenissa.nl\\\/es\\\/#website\"},\"datePublished\":\"2023-10-12T10:18:40+00:00\",\"dateModified\":\"2024-05-07T12:54:05+00:00\",\"description\":\"Omgeving Benissa\",\"breadcrumb\":{\"@id\":\"https:\\\/\\\/casabenissa.nl\\\/en\\\/benissa-area\\\/#breadcrumb\"},\"inLanguage\":\"en-GB\",\"potentialAction\":[{\"@type\":\"ReadAction\",\"target\":[\"https:\\\/\\\/casabenissa.nl\\\/en\\\/benissa-area\\\/\"]}]},{\"@type\":\"BreadcrumbList\",\"@id\":\"https:\\\/\\\/casabenissa.nl\\\/en\\\/benissa-area\\\/#breadcrumb\",\"itemListElement\":[{\"@type\":\"ListItem\",\"position\":1,\"name\":\"Home\",\"item\":\"https:\\\/\\\/casabenissa.nl\\\/es\\\/\"},{\"@type\":\"ListItem\",\"position\":2,\"name\":\"Omgeving Benissa\"}]},{\"@type\":\"WebSite\",\"@id\":\"https:\\\/\\\/casabenissa.nl\\\/es\\\/#website\",\"url\":\"https:\\\/\\\/casabenissa.nl\\\/es\\\/\",\"name\":\"Casa Benissa | Trainingslocatie in Spanje\",\"description\":\"Trainingslocatie in Costa Blanca - Spanje\",\"publisher\":{\"@id\":\"https:\\\/\\\/casabenissa.nl\\\/es\\\/#organization\"},\"alternateName\":\"Huur een trainingslocatie in de Costa Blanca\",\"potentialAction\":[{\"@type\":\"SearchAction\",\"target\":{\"@type\":\"EntryPoint\",\"urlTemplate\":\"https:\\\/\\\/casabenissa.nl\\\/es\\\/?s={search_term_string}\"},\"query-input\":{\"@type\":\"PropertyValueSpecification\",\"valueRequired\":true,\"valueName\":\"search_term_string\"}}],\"inLanguage\":\"en-GB\"},{\"@type\":\"Organization\",\"@id\":\"https:\\\/\\\/casabenissa.nl\\\/es\\\/#organization\",\"name\":\"Casa Benissa\",\"url\":\"https:\\\/\\\/casabenissa.nl\\\/es\\\/\",\"logo\":{\"@type\":\"ImageObject\",\"inLanguage\":\"en-GB\",\"@id\":\"https:\\\/\\\/casabenissa.nl\\\/es\\\/#\\\/schema\\\/logo\\\/image\\\/\",\"url\":\"https:\\\/\\\/casabenissa.nl\\\/wp-content\\\/uploads\\\/Casa-benissa-logo.png\",\"contentUrl\":\"https:\\\/\\\/casabenissa.nl\\\/wp-content\\\/uploads\\\/Casa-benissa-logo.png\",\"width\":600,\"height\":300,\"caption\":\"Casa Benissa\"},\"image\":{\"@id\":\"https:\\\/\\\/casabenissa.nl\\\/es\\\/#\\\/schema\\\/logo\\\/image\\\/\"}}]}<\/script>\n<!-- \/ Yoast SEO Premium plugin. -->","yoast_head_json":{"title":"Surroundings Benissa","description":"Surroundings Benissa","robots":{"index":"index","follow":"follow","max-snippet":"max-snippet:-1","max-image-preview":"max-image-preview:large","max-video-preview":"max-video-preview:-1"},"canonical":"https:\/\/casabenissa.nl\/en\/benissa-area\/","og_locale":"en_GB","og_type":"article","og_title":"Omgeving Benissa","og_description":"Omgeving Benissa","og_url":"https:\/\/casabenissa.nl\/en\/benissa-area\/","og_site_name":"Casa Benissa","article_modified_time":"2024-05-07T12:54:05+00:00","og_image":[{"width":1280,"height":720,"url":"https:\/\/vh2023izdeb-0.hosting-space.nl\/wp-content\/uploads\/Trainingslocatie-Spanje.jpg","type":"image\/jpeg"}],"twitter_card":"summary_large_image","twitter_misc":{"Estimated reading time":"2 minutes"},"schema":{"@context":"https:\/\/schema.org","@graph":[{"@type":"WebPage","@id":"https:\/\/casabenissa.nl\/en\/benissa-area\/","url":"https:\/\/casabenissa.nl\/en\/benissa-area\/","name":"Surroundings Benissa","isPartOf":{"@id":"https:\/\/casabenissa.nl\/es\/#website"},"datePublished":"2023-10-12T10:18:40+00:00","dateModified":"2024-05-07T12:54:05+00:00","description":"Surroundings Benissa","breadcrumb":{"@id":"https:\/\/casabenissa.nl\/en\/benissa-area\/#breadcrumb"},"inLanguage":"en-GB","potentialAction":[{"@type":"ReadAction","target":["https:\/\/casabenissa.nl\/en\/benissa-area\/"]}]},{"@type":"BreadcrumbList","@id":"https:\/\/casabenissa.nl\/en\/benissa-area\/#breadcrumb","itemListElement":[{"@type":"ListItem","position":1,"name":"Home","item":"https:\/\/casabenissa.nl\/es\/"},{"@type":"ListItem","position":2,"name":"Omgeving Benissa"}]},{"@type":"WebSite","@id":"https:\/\/casabenissa.nl\/es\/#website","url":"https:\/\/casabenissa.nl\/es\/","name":"Casa Benissa | Training location in Spain","description":"Training location in Costa Blanca - Spain","publisher":{"@id":"https:\/\/casabenissa.nl\/es\/#organization"},"alternateName":"Huur een trainingslocatie in de Costa Blanca","potentialAction":[{"@type":"SearchAction","target":{"@type":"EntryPoint","urlTemplate":"https:\/\/casabenissa.nl\/es\/?s={search_term_string}"},"query-input":{"@type":"PropertyValueSpecification","valueRequired":true,"valueName":"search_term_string"}}],"inLanguage":"en-GB"},{"@type":"Organization","@id":"https:\/\/casabenissa.nl\/es\/#organization","name":"Casa Benissa","url":"https:\/\/casabenissa.nl\/es\/","logo":{"@type":"ImageObject","inLanguage":"en-GB","@id":"https:\/\/casabenissa.nl\/es\/#\/schema\/logo\/image\/","url":"https:\/\/casabenissa.nl\/wp-content\/uploads\/Casa-benissa-logo.png","contentUrl":"https:\/\/casabenissa.nl\/wp-content\/uploads\/Casa-benissa-logo.png","width":600,"height":300,"caption":"Casa Benissa"},"image":{"@id":"https:\/\/casabenissa.nl\/es\/#\/schema\/logo\/image\/"}}]}},"_links":{"self":[{"href":"https:\/\/vh2023izdeb-0.hosting-space.nl\/en\/wp-json\/wp\/v2\/pages\/1864","targetHints":{"allow":["GET"]}}],"collection":[{"href":"https:\/\/vh2023izdeb-0.hosting-space.nl\/en\/wp-json\/wp\/v2\/pages"}],"about":[{"href":"https:\/\/vh2023izdeb-0.hosting-space.nl\/en\/wp-json\/wp\/v2\/types\/page"}],"author":[{"embeddable":true,"href":"https:\/\/vh2023izdeb-0.hosting-space.nl\/en\/wp-json\/wp\/v2\/users\/1"}],"replies":[{"embeddable":true,"href":"https:\/\/vh2023izdeb-0.hosting-space.nl\/en\/wp-json\/wp\/v2\/comments?post=1864"}],"version-history":[{"count":0,"href":"https:\/\/vh2023izdeb-0.hosting-space.nl\/en\/wp-json\/wp\/v2\/pages\/1864\/revisions"}],"wp:attachment":[{"href":"https:\/\/vh2023izdeb-0.hosting-space.nl\/en\/wp-json\/wp\/v2\/media?parent=1864"}],"curies":[{"name":"wp","href":"https:\/\/api.w.org\/{rel}","templated":true}]}}